{"id":998,"date":"2024-01-30T14:20:59","date_gmt":"2024-01-30T12:20:59","guid":{"rendered":"https:\/\/dotnuvaseeds.lt\/?post_type=product&#038;p=998"},"modified":"2026-01-27T10:56:34","modified_gmt":"2026-01-27T08:56:34","slug":"delawar","status":"publish","type":"product","link":"https:\/\/dotnuvaseeds.lt\/en\/product\/delaware\/","title":{"rendered":"Delawar"},"content":{"rendered":"<ul>\n<li>SYNGENTA HADMERSLEBEN GmbH, Germany<\/li>\n<li>Registered in Lithuania in 2018.<\/li>\n<li>The grain meets the requirements of quality class I-II<\/li>\n<li>Medium early<\/li>\n<li>The plants are low<\/li>\n<li>Resistant to lodging<\/li>\n<li>The average weight of 1000 grains is 43 g<\/li>\n<li>Ziemkentishka<\/li>\n<\/ul>\n<p><strong>Breed characteristics<\/strong><\/p>\n<p>2016\u20132017 m. AVTS duomenimis vidutinis \u0161ios veisl\u0117s kvie\u010di\u0173 derlingumas 10,4 t ha<sup>-1<\/sup>. Did\u017eiausias derlingumas \u2013 12,3 t ha<sup>-1<\/sup> buvo gautas 2016 m. Pasvalio AVTS. 2022 m. priva\u010diuose veisli\u0173 bandymuose derlingumas buvo 102 proc. lyginant su standartin\u0117mis veisl\u0117mis. Veisl\u0117 atspari lap\u0173 ir varp\u0173 septoriozei, miltligei ir dry\u017eligei, vidutini\u0161kai atspari varp\u0173 fuzariozei ir stiebal\u016b\u017eei. Tinka auginti lengvesn\u0117s ir vidutinio sunkumo granuliometrin\u0117s sud\u0117ties dirvo\u017eemiuose. Gali b\u016bti s\u0117jama ir v\u0117lyvesniais s\u0117jos terminais.<\/p>\n<p><strong>Grain quality.<\/strong> In the grains, on average, the following was found: protein - 11.2-13.0 percent, gluten - 20.5-28.4 percent, sedimentation - 28.0-60.3 ml, number of falls 333 s and weight per hectoliter 80.2 kg hl -1. In the grain grown during the research year, it was determined on average: protein - 11.6%, gluten - 21.5%, starch - 69%, number of falling - 345 s, sedimentation - 35.2 ml, weight per hectoliter 78.0 kg hl -1.<\/p>\n<p><img loading=\"lazy\" decoding=\"async\" class=\"alignnone size-full wp-image-999\" src=\"https:\/\/dotnuvaseeds.lt\/wp-content\/uploads\/2024\/01\/Delawar-grafikas.jpg\" alt=\"\" width=\"707\" height=\"520\" srcset=\"https:\/\/dotnuvaseeds.lt\/wp-content\/uploads\/2024\/01\/Delawar-grafikas.jpg 707w, https:\/\/dotnuvaseeds.lt\/wp-content\/uploads\/2024\/01\/Delawar-grafikas-600x441.jpg 600w\" sizes=\"auto, (max-width: 707px) 100vw, 707px\" \/><\/p>","protected":false},"excerpt":{"rendered":"<p>SYNGENTA HADMERSLEBEN GmbH, Vokietija Lietuvoje registruota 2018 m. Gr\u016bdai atitinka I-II kokyb\u0117s klas\u0117s reikalavimus Vidutinio ankstyvumo Augalai \u017eemi Atspari i\u0161gulimui 1000 gr\u016bd\u0173 vidutin\u0117 mas\u0117 \u2013 43 g \u017diemkenti\u0161ka Veisl\u0117s savyb\u0117s 2016\u20132017 m. AVTS duomenimis vidutinis \u0161ios veisl\u0117s kvie\u010di\u0173 derlingumas 10,4 t ha-1. Did\u017eiausias derlingumas \u2013 12,3 t ha-1 buvo gautas 2016 m. Pasvalio AVTS. 2022 [&hellip;]<\/p>\n","protected":false},"featured_media":1650,"template":"","meta":{"_acf_changed":false,"inline_featured_image":false,"slim_seo":{"title":"Delawar - Dotnuva Seeds","description":"SYNGENTA HADMERSLEBEN GmbH, Germany, registered in Lithuania in 2018. Grains meet the requirements of quality class I-II Medium early Plants low Resistant i"}},"product_brand":[],"product_cat":[62,55],"product_tag":[],"paskirtis":[],"sezonas":[],"class_list":{"0":"post-998","1":"product","2":"type-product","3":"status-publish","4":"has-post-thumbnail","6":"product_cat-zieminiai-kvieciai","7":"product_cat-zieminiu-augalu-veisles","8":"post-wrapper","9":"thrv_wrapper","11":"first","12":"instock","13":"taxable","14":"shipping-taxable","15":"product-type-simple"},"acf":[],"vidinis_prekes_pavadinimas":"","ax_sandelis":"","_links":{"self":[{"href":"https:\/\/dotnuvaseeds.lt\/en\/wp-json\/wp\/v2\/product\/998","targetHints":{"allow":["GET"]}}],"collection":[{"href":"https:\/\/dotnuvaseeds.lt\/en\/wp-json\/wp\/v2\/product"}],"about":[{"href":"https:\/\/dotnuvaseeds.lt\/en\/wp-json\/wp\/v2\/types\/product"}],"wp:featuredmedia":[{"embeddable":true,"href":"https:\/\/dotnuvaseeds.lt\/en\/wp-json\/wp\/v2\/media\/1650"}],"wp:attachment":[{"href":"https:\/\/dotnuvaseeds.lt\/en\/wp-json\/wp\/v2\/media?parent=998"}],"wp:term":[{"taxonomy":"product_brand","embeddable":true,"href":"https:\/\/dotnuvaseeds.lt\/en\/wp-json\/wp\/v2\/product_brand?post=998"},{"taxonomy":"product_cat","embeddable":true,"href":"https:\/\/dotnuvaseeds.lt\/en\/wp-json\/wp\/v2\/product_cat?post=998"},{"taxonomy":"product_tag","embeddable":true,"href":"https:\/\/dotnuvaseeds.lt\/en\/wp-json\/wp\/v2\/product_tag?post=998"},{"taxonomy":"paskirtis","embeddable":true,"href":"https:\/\/dotnuvaseeds.lt\/en\/wp-json\/wp\/v2\/paskirtis?post=998"},{"taxonomy":"sezonas","embeddable":true,"href":"https:\/\/dotnuvaseeds.lt\/en\/wp-json\/wp\/v2\/sezonas?post=998"}],"curies":[{"name":"wp","href":"https:\/\/api.w.org\/{rel}","templated":true}]}}